{"id":3727,"date":"2025-08-30T06:05:00","date_gmt":"2025-08-30T11:05:00","guid":{"rendered":"https:\/\/frommk.com\/events\/"},"modified":"2025-09-18T15:14:24","modified_gmt":"2025-09-18T20:14:24","slug":"events-en","status":"publish","type":"page","link":"https:\/\/frommk.com\/en\/events-en\/","title":{"rendered":"Events"},"content":{"rendered":"\t\t<div data-elementor-type=\"wp-page\" data-elementor-id=\"3727\" class=\"elementor elementor-3727 elementor-2455\" data-elementor-post-type=\"page\">\n\t\t\t\t<div class=\"elementor-element elementor-element-837d7c6 e-con-full e-flex e-con e-parent\" data-id=\"837d7c6\" data-element_type=\"container\" data-e-type=\"container\" data-settings=\"{&quot;background_background&quot;:&quot;classic&quot;}\">\n\t\t<div class=\"elementor-element elementor-element-69665ee e-con-full e-flex e-con e-child\" data-id=\"69665ee\" data-element_type=\"container\" data-e-type=\"container\">\n\t\t\t\t<div class=\"elementor-element elementor-element-62036db elementor-widget elementor-widget-text-editor\" data-id=\"62036db\" data-element_type=\"widget\" data-e-type=\"widget\" data-widget_type=\"text-editor.default\">\n\t\t\t\t\t\t\t\t\t<p data-start=\"192\" data-end=\"319\">Discover all the events in one place \u2013 easily search, filter and find all the interesting Macedonian events in America.<\/p>\t\t\t\t\t\t\t\t<\/div>\n\t\t\t\t<\/div>\n\t\t\t\t<\/div>\n\t\t<div class=\"elementor-element elementor-element-e0ed1de e-flex e-con-boxed e-con e-parent\" data-id=\"e0ed1de\" data-element_type=\"container\" data-e-type=\"container\">\n\t\t\t\t\t<div class=\"e-con-inner\">\n\t\t\t\t<div class=\"elementor-element elementor-element-3694d2c elementor-widget elementor-widget-shortcode\" data-id=\"3694d2c\" data-element_type=\"widget\" data-e-type=\"widget\" data-widget_type=\"shortcode.default\">\n\t\t\t\t\t\t\t<div class=\"elementor-shortcode\"><div class=\"mec-wrap mec-skin-list-container  \" id=\"mec_skin_2468\">\r\n\r\n    <form id=\"mec_search_form_2468\" class=\"mec-search-form mec-totalcal-box mec-dropdown-classic\" autocomplete=\"off\"><div class=\"mec-dropdown-wrap\"><div class=\"mec-dropdown-search\"><i class=\"mec-sl-location-pin\"><\/i><select  id=\"mec_sf_city_2468\" class=\"postform\" ><option value=\"\">City<\/option><option class=\"level-0\" value=\"92,94\" >Detroit<\/option><option class=\"level-0\" value=\"93,91\" >Chicago<\/option><\/select><\/div><\/div><div class=\"mec-dropdown-wrap\" ><div class=\"mec-dropdown-search\"><i class=\"mec-sl-location-pin\"><\/i><select  name=' ' id='mec_sf_location_2468' class='postform'>\n\t<option value='' selected='selected'>Location<\/option>\n\t<option class=\"level-0\" value=\"98\">CHICAGO<\/option>\n\t<option class=\"level-0\" value=\"72\">Compass Arena<\/option>\n\t<option class=\"level-0\" value=\"101\">Iowa<\/option>\n\t<option class=\"level-0\" value=\"92\">KEYWORTH STADIUM<\/option>\n\t<option class=\"level-0\" value=\"94\">Nativity of the Virgin Mary MOC &#8211; Sterling Heights<\/option>\n\t<option class=\"level-0\" value=\"93\">Pella signature<\/option>\n\t<option class=\"level-0\" value=\"91\">St. Cyril and Methodius &#8211; Chicago<\/option>\n\t<option class=\"level-0\" value=\"103\">ST. Louis<\/option>\n<\/select>\n<\/div><\/div><div class=\"mec-date-search\"><i class=\"mec-sl-calendar\"><\/i>\r\n                    <input class=\"mec-col-3 mec_date_picker_dynamic_format_start\" data-min=\"2026-05-09\" type=\"text\"\r\n                           id=\"mec_sf_date_start_2468\"\r\n                           placeholder=\"Start\" title=\"Start\" autocomplete=\"off\">\r\n                    <input class=\"mec-col-3 mec_date_picker_dynamic_format_end\" type=\"text\"\r\n                           id=\"mec_sf_date_end_2468\"\r\n                           placeholder=\"End\" title=\"End\" autocomplete=\"off\">\r\n                <\/div><\/form>\r\n            <div class=\"mec-skin-list-events-container\" id=\"mec_skin_events_2468\">\r\n        <div class=\"mec-wrap colorskin-custom\">\r\n\t<div class=\"mec-event-list-standard\">\r\n\t\t\r\n                        <div class=\"mec-month-divider\" data-toggle-divider=\"mec-toggle-202605-2468\"><h5 style=\"display: inline;\">May 2026<\/h5><i class=\"mec-sl-arrow-down\"><\/i><\/div>\r\n            \r\n                        <article class=\"mec-event-article  mec-clear  mec-divider-toggle mec-toggle-202605-2468\" itemscope>\r\n                                                        <div class=\"mec-topsec\">\r\n                                                <div class=\"col-md-3 mec-event-image-wrap mec-col-table-c\">\r\n                            <div class=\"mec-event-image\"><a data-event-id=\"4978\" href=\"https:\/\/frommk.com\/en\/events\/dzenan-loncarevic-live-exclusive-at-pella-signature\/\" target=\"_self\" rel=\"noopener\"><img fetchpriority=\"high\" decoding=\"async\" width=\"300\" height=\"300\" src=\"https:\/\/frommk.com\/wp-content\/uploads\/2026\/04\/image-300x300.webp\" class=\"attachment-thumblist size-thumblist wp-post-image\" alt=\"\" data-mec-postid=\"4978\" \/><\/a><\/div>\r\n                        <\/div>\r\n                        \r\n                        <div class=\"col-md-6 mec-col-table-c mec-event-content-wrap\">\r\n                            <div class=\"mec-event-content\">\r\n                                                                                                <h3 class=\"mec-event-title\"><a class=\"mec-color-hover\" data-event-id=\"4978\" href=\"https:\/\/frommk.com\/en\/events\/dzenan-loncarevic-live-exclusive-at-pella-signature\/\" target=\"_self\" rel=\"noopener\">D\u017eenan Lon\u010darevi\u0107 Live \u2013 Exclusive at Pella Signature!<\/a><\/h3>\r\n                                <div class=\"mec-event-description\">His last performance was the talk of the town\u2026 but this one will exceed all expectations!Kick off the evening with unforgettable musical magic, hits that will awaken your heart, and an atmosphere you\u2019ll remember forever. Don\u2019t miss the chance to be part of this extraordinary celebration! May 22 | 8:00 PMPella SignatureTickets starting from $81.88 [&hellip;]<\/div>\r\n                            <\/div>\r\n                        <\/div>\r\n                        <div class=\"col-md-3 mec-col-table-c mec-event-meta-wrap\">\r\n                            <div class=\"mec-event-meta mec-color-before\">\r\n                                <div class=\"mec-date-details\">\r\n                                                                            <span class=\"mec-event-d\"><i class=\"mec-sl-calendar\"><\/i><span class=\"mec-start-date-label\">22 May<\/span><\/span>\r\n                                                                    <\/div>\r\n                                                                <div class=\"mec-time-details\"><svg xmlns=\"http:\/\/www.w3.org\/2000\/svg\" width=\"16\" height=\"16\" viewBox=\"0 0 16 16\"><path id=\"clock\" d=\"M8,16a8,8,0,1,1,8-8A8.009,8.009,0,0,1,8,16ZM8,1.333A6.667,6.667,0,1,0,14.667,8,6.674,6.674,0,0,0,8,1.333Zm2.667,10a.665.665,0,0,1-.471-.2L7.529,8.471a.666.666,0,0,1-.144-.217A.673.673,0,0,1,7.333,8V3.333a.667.667,0,1,1,1.333,0V7.724L11.138,10.2a.667.667,0,0,1-.471,1.138Z\" fill=\"#60daf2\" \/><\/svg><span class=\"mec-start-time\">8:00 pm<\/span> - <span class=\"mec-end-time\">11:00 pm<\/span><\/div>                                                                                                <div class=\"mec-venue-details\">\r\n                                    <svg xmlns=\"http:\/\/www.w3.org\/2000\/svg\" width=\"12.308\" height=\"16\" viewBox=\"0 0 12.308 16\"><path id=\"location\" d=\"M6.6,15.839a.7.7,0,0,1-.89,0C5.476,15.644,0,11,0,6.029A6.1,6.1,0,0,1,6.154,0a6.1,6.1,0,0,1,6.154,6.029C12.308,11,6.832,15.644,6.6,15.839ZM6.154,1.333a4.747,4.747,0,0,0-4.786,4.7c0,3.6,3.52,7.215,4.786,8.4,1.266-1.184,4.787-4.8,4.787-8.4A4.747,4.747,0,0,0,6.154,1.333Zm0,7.383A2.7,2.7,0,0,1,3.419,6.049,2.7,2.7,0,0,1,6.154,3.383,2.7,2.7,0,0,1,8.889,6.049,2.7,2.7,0,0,1,6.154,8.716Zm0-4A1.334,1.334,0,1,0,7.521,6.049,1.353,1.353,0,0,0,6.154,4.716Z\" fill=\"#40d9f1\" fill-rule=\"evenodd\"\/><\/svg>                                    <span>Pella signature<\/span>\r\n                                                                    <\/div>\r\n                                                                                                                                                                \r\n                                <!--                                -->                            <\/div>\r\n                        <\/div>\r\n                    <\/div>\r\n                    <div class=\"mec-event-footer\">\r\n                                                <ul class=\"mec-event-sharing-wrap\">\r\n                            <li class=\"mec-event-share\">\r\n                                <a href=\"#\" class=\"mec-event-share-icon\">\r\n                                    <i class=\"mec-sl-share\" title=\"Share\" alt=\"Share\"><\/i>\r\n                                <\/a>\r\n                            <\/li>\r\n                            <li>\r\n                                <ul class=\"mec-event-sharing\">\r\n                                    <li class=\"mec-event-social-icon\"><a class=\"facebook\" href=\"https:\/\/www.facebook.com\/sharer\/sharer.php?u=https%3A%2F%2Ffrommk.com%2Fen%2Fevents%2Fdzenan-loncarevic-live-exclusive-at-pella-signature%2F\" onclick=\"javascript:window.open(this.href, '', 'menubar=no,toolbar=no,resizable=yes,scrollbars=yes,height=500,width=600'); return false;\" target=\"_blank\" title=\"Share on Facebook\"><i class=\"mec-fa-facebook\"><\/i><span class=\"mec-social-title\">Facebook<\/span><\/a><\/li><li class=\"mec-event-social-icon\"><a class=\"twitter\" href=\"https:\/\/twitter.com\/share?url=https%3A%2F%2Ffrommk.com%2Fen%2Fevents%2Fdzenan-loncarevic-live-exclusive-at-pella-signature%2F\" onclick=\"javascript:window.open(this.href, '', 'menubar=no,toolbar=no,resizable=yes,scrollbars=yes,height=600,width=500'); return false;\" target=\"_blank\" title=\"X Social Network\"><svg xmlns=\"http:\/\/www.w3.org\/2000\/svg\" shape-rendering=\"geometricPrecision\" text-rendering=\"geometricPrecision\" image-rendering=\"optimizeQuality\" fill-rule=\"evenodd\" clip-rule=\"evenodd\" viewBox=\"0 0 512 462.799\"><path fill-rule=\"nonzero\" d=\"M403.229 0h78.506L310.219 196.04 512 462.799H354.002L230.261 301.007 88.669 462.799h-78.56l183.455-209.683L0 0h161.999l111.856 147.88L403.229 0zm-27.556 415.805h43.505L138.363 44.527h-46.68l283.99 371.278z\"\/><\/svg><span class=\"mec-social-title\">Twitter<\/span><\/a><\/li><li class=\"mec-event-social-icon\"><a class=\"linkedin\" href=\"https:\/\/www.linkedin.com\/shareArticle?mini=true&url=https%3A%2F%2Ffrommk.com%2Fen%2Fevents%2Fdzenan-loncarevic-live-exclusive-at-pella-signature%2F\" onclick=\"javascript:window.open(this.href, '', 'menubar=no,toolbar=no,resizable=yes,scrollbars=yes,height=600,width=500'); return false;\" target=\"_blank\" title=\"Linkedin\"><i class=\"mec-fa-linkedin\"><\/i><span class=\"mec-social-title\">Linkedin<\/span><\/a><\/li><li class=\"mec-event-social-icon\"><a class=\"email\" href=\"mailto:?subject=D%C5%BEenan%20Lon%C4%8Darevi%C4%87%20Live%20%E2%80%93%20Exclusive%20at%20Pella%20Signature%21&body=https%3A%2F%2Ffrommk.com%2Fen%2Fevents%2Fdzenan-loncarevic-live-exclusive-at-pella-signature%2F\" title=\"Email\"><i class=\"mec-fa-envelope\"><\/i><span class=\"mec-social-title\">Email<\/span><\/a><\/li>                                <\/ul>\r\n                            <\/li>\r\n                        <\/ul>\r\n                                                                                                                        <a class=\"mec-booking-button\" data-event-id=\"4978\" href=\"https:\/\/frommk.com\/en\/events\/dzenan-loncarevic-live-exclusive-at-pella-signature\/\" target=\"_self\" rel=\"noopener\">See event details<\/a>                    <\/div>\r\n                            <\/article>\r\n            \t\t\t<\/div>\r\n<\/div>\r\n\r\n    <\/div>\r\n    <div class=\"mec-skin-list-no-events-container mec-util-hidden\" id=\"mec_skin_no_events_2468\">\r\n        No event found!    <\/div>\r\n    \r\n    \r\n<\/div>\r\n\n<\/div>\n\t\t\t\t\t\t<\/div>\n\t\t\t\t\t<\/div>\n\t\t\t\t<\/div>\n\t\t\t\t<\/div>\n\t\t","protected":false},"excerpt":{"rendered":"<p>Discover all the events in one place \u2013 easily search, filter and find all the interesting Macedonian events in America.<\/p>\n","protected":false},"author":1,"featured_media":0,"parent":0,"menu_order":0,"comment_status":"closed","ping_status":"closed","template":"","meta":{"_acf_changed":false,"footnotes":""},"class_list":["post-3727","page","type-page","status-publish","hentry"],"acf":[],"aioseo_notices":[],"_links":{"self":[{"href":"https:\/\/frommk.com\/en\/wp-json\/wp\/v2\/pages\/3727","targetHints":{"allow":["GET"]}}],"collection":[{"href":"https:\/\/frommk.com\/en\/wp-json\/wp\/v2\/pages"}],"about":[{"href":"https:\/\/frommk.com\/en\/wp-json\/wp\/v2\/types\/page"}],"author":[{"embeddable":true,"href":"https:\/\/frommk.com\/en\/wp-json\/wp\/v2\/users\/1"}],"replies":[{"embeddable":true,"href":"https:\/\/frommk.com\/en\/wp-json\/wp\/v2\/comments?post=3727"}],"version-history":[{"count":1,"href":"https:\/\/frommk.com\/en\/wp-json\/wp\/v2\/pages\/3727\/revisions"}],"predecessor-version":[{"id":3728,"href":"https:\/\/frommk.com\/en\/wp-json\/wp\/v2\/pages\/3727\/revisions\/3728"}],"wp:attachment":[{"href":"https:\/\/frommk.com\/en\/wp-json\/wp\/v2\/media?parent=3727"}],"curies":[{"name":"wp","href":"https:\/\/api.w.org\/{rel}","templated":true}]}}